{"id":277,"date":"2023-09-28T09:00:20","date_gmt":"2023-09-28T07:00:20","guid":{"rendered":"https:\/\/sonnenstrom-pv.at\/?page_id=277"},"modified":"2024-04-22T11:40:33","modified_gmt":"2024-04-22T09:40:33","slug":"impressum","status":"publish","type":"page","link":"https:\/\/sonnenstrom-pv.at\/index.php\/impressum\/","title":{"rendered":"Impressum"},"content":{"rendered":"\t\t<div data-elementor-type=\"wp-page\" data-elementor-id=\"277\" class=\"elementor elementor-277\" data-elementor-post-type=\"page\">\n\t\t\t\t\t\t\t\t\t<section class=\"elementor-section elementor-top-section elementor-element elementor-element-381fb4b elementor-section-boxed elementor-section-height-default elementor-section-height-default\" data-id=\"381fb4b\" data-element_type=\"section\">\n\t\t\t\t\t\t<div class=\"elementor-container elementor-column-gap-default\">\n\t\t\t\t\t<div class=\"elementor-column elementor-col-100 elementor-top-column elementor-element elementor-element-47ed4c1\" data-id=\"47ed4c1\" data-element_type=\"column\">\n\t\t\t<div class=\"elementor-widget-wrap elementor-element-populated\">\n\t\t\t\t\t\t\t\t<div class=\"elementor-element elementor-element-4ccc51f elementor-widget elementor-widget-text-editor\" data-id=\"4ccc51f\" data-element_type=\"widget\" data-widget_type=\"text-editor.default\">\n\t\t\t\t<div class=\"elementor-widget-container\">\n\t\t\t<style>\/*! elementor - v3.14.0 - 26-06-2023 *\/\n.elementor-widget-text-editor.elementor-drop-cap-view-stacked .elementor-drop-cap{background-color:#69727d;color:#fff}.elementor-widget-text-editor.elementor-drop-cap-view-framed .elementor-drop-cap{color:#69727d;border:3px solid;background-color:transparent}.elementor-widget-text-editor:not(.elementor-drop-cap-view-default) .elementor-drop-cap{margin-top:8px}.elementor-widget-text-editor:not(.elementor-drop-cap-view-default) .elementor-drop-cap-letter{width:1em;height:1em}.elementor-widget-text-editor .elementor-drop-cap{float:left;text-align:center;line-height:1;font-size:50px}.elementor-widget-text-editor .elementor-drop-cap-letter{display:inline-block}<\/style>\t\t\t\t<p>Angaben gem\u00e4\u00df \u00a7 5 E-Commerce-Gesetz und Offenlegung gem\u00e4\u00df \u00a7 25 Mediengesetz:<\/p><p>Firma:<br \/>SONNENstrom PV GmbH<\/p><p>Sitz:<br \/>Techendorfer Stra\u00dfe 3<br \/>9871 Seeboden<br \/>\u00d6sterreich<\/p><p>Kontakt:<br \/>Telefon: <a href=\"tel:069010008058\">0690 10008058<\/a><br \/>E-Mail: <a href=\"mailto:office@sonnenstrom-pv.at?subject=Anfrage%20zu%20Ihrem%20Unternehmen%20auf%20FirmenABC.at\">office@sonnenstrom-pv.at<\/a><\/p><p>Firmenbuchnummer:<br \/>FN 608240 x<\/p><p>GISA-Zahl:<br \/>36567621<\/p><p><span style=\"color: var( --e-global-color-text ); font-family: var( --e-global-typography-text-font-family ), Sans-serif; font-weight: var( --e-global-typography-text-font-weight ); font-size: 1rem;\">Firmengericht:<br \/><\/span><span style=\"color: var( --e-global-color-text ); font-family: var( --e-global-typography-text-font-family ), Sans-serif; font-weight: var( --e-global-typography-text-font-weight ); font-size: 1rem;\">Landesgericht Klagenfurt<\/span><\/p><p>UID-Nummer:\u00a0<br \/>ATU79676539<\/p><p>Beginndatum der Rechtsform:<br \/>29. Juni 2023<\/p><p>Unternehmensgegenstand:<br \/>Handel mit Waren aller Art<\/p><p>Gesch\u00e4ftsf\u00fchrer:<br \/>Herr Maier G\u00fcnther\u00a0<br \/>Herr Maier Josef\u00a0<i title=\"weitere Informationen zu Frau\/Herr Maier Josef\" data-toggle=\"tooltip\" data-placement=\"top\"><\/i><\/p><p>\u00a0<\/p><p>Mitglied der Wirtschaftskammer \u00d6sterreich<\/p><p>Aufsichtsbeh\u00f6rde:<br \/>Bezirkshauptmannschaft Spittal an der Drau<br \/>Tiroler Stra\u00dfe 16. A-9800 Spittal an der Drau<\/p><p>Berufsrechtliche Vorschriften:<br \/>Gewerbeordnung: www.ris.bka.gv.at<\/p><p>Fotos und Grafiken:<br \/>Die verwendeten Fotos und Grafiken unterliegen dem Urheberrecht und sind Eigentum der SONNENstrom PV GmbH oder wurden f\u00fcr die Verwendung lizenziert.<\/p><p>Webdesign und technische Umsetzung:<br \/>Werbeagentur Jonas Ebner<br \/>kontakt@jebner.eu<br \/>www.Jebner.eu<\/p><p>Haftungsausschluss:<br \/>Die Inhalte dieser Website wurden mit gr\u00f6\u00dftm\u00f6glicher Sorgfalt erstellt. Die SONNENstrom PV GmbH \u00fcbernimmt jedoch keine Gew\u00e4hr f\u00fcr die Richtigkeit, Vollst\u00e4ndigkeit und Aktualit\u00e4t der bereitgestellten Inhalte. Die Nutzung der Inhalte der Website erfolgt auf eigene Gefahr des Nutzers. Jegliche Haftung der SONNENstrom PV GmbH, insbesondere f\u00fcr Sch\u00e4den oder Konsequenzen, die durch die Nutzung der angebotenen Inhalte entstehen, ist ausgeschlossen.<\/p><p>Urheberrecht:<br \/>Die durch die SONNENstrom PV GmbH erstellten Inhalte und Werke auf dieser Website unterliegen dem \u00f6sterreichischen Urheberrecht. Die Vervielf\u00e4ltigung, Bearbeitung, Verbreitung und jede Art der Verwertung au\u00dferhalb der Grenzen des Urheberrechts bed\u00fcrfen der schriftlichen Zustimmung des jeweiligen Autors bzw. Erstellers. Downloads und Kopien dieser Seite sind nur f\u00fcr den privaten, nicht kommerziellen Gebrauch gestattet.<\/p><p>Datenschutz:<br \/>Informationen zum Datenschutz finden Sie in unserer <a href=\"https:\/\/sonnenstrom-pv.at\/index.php\/datenschutzerklaerung\/\">Datenschutzerkl\u00e4rung<\/a>.<\/p><p>Unsere Website verwendet ausschlie\u00dflich essentielle Cookies, die f\u00fcr das reibungslose Funktionieren der Website erforderlich sind. Es werden keine Tracking-Cookies verwendet, die personenbezogene Daten sammeln oder Ihre Aktivit\u00e4ten verfolgen.<\/p>\t\t\t\t\t\t<\/div>\n\t\t\t\t<\/div>\n\t\t\t\t\t<\/div>\n\t\t<\/div>\n\t\t\t\t\t\t\t<\/div>\n\t\t<\/section>\n\t\t\t\t\t\t\t<\/div>\n\t\t","protected":false},"excerpt":{"rendered":"<p>Angaben gem\u00e4\u00df \u00a7 5 E-Commerce-Gesetz und Offenlegung gem\u00e4\u00df \u00a7 25 Mediengesetz: Firma:SONNENstrom PV GmbH Sitz:Techendorfer Stra\u00dfe 39871 Seeboden\u00d6sterreich Kontakt:Telefon: 0690 10008058E-Mail: office@sonnenstrom-pv.at Firmenbuchnummer:FN 608240 x GISA-Zahl:36567621 Firmengericht:Landesgericht Klagenfurt UID-Nummer:\u00a0ATU79676539 Beginndatum der Rechtsform:29. Juni 2023 Unternehmensgegenstand:Handel mit Waren aller Art Gesch\u00e4ftsf\u00fchrer:Herr Maier G\u00fcnther\u00a0Herr Maier Josef\u00a0 \u00a0 Mitglied der Wirtschaftskammer \u00d6sterreich Aufsichtsbeh\u00f6rde:Bezirkshauptmannschaft Spittal an der DrauTiroler Stra\u00dfe [&hellip;]<\/p>\n","protected":false},"author":1,"featured_media":0,"parent":0,"menu_order":0,"comment_status":"closed","ping_status":"closed","template":"","meta":[],"_links":{"self":[{"href":"https:\/\/sonnenstrom-pv.at\/index.php\/wp-json\/wp\/v2\/pages\/277"}],"collection":[{"href":"https:\/\/sonnenstrom-pv.at\/index.php\/wp-json\/wp\/v2\/pages"}],"about":[{"href":"https:\/\/sonnenstrom-pv.at\/index.php\/wp-json\/wp\/v2\/types\/page"}],"author":[{"embeddable":true,"href":"https:\/\/sonnenstrom-pv.at\/index.php\/wp-json\/wp\/v2\/users\/1"}],"replies":[{"embeddable":true,"href":"https:\/\/sonnenstrom-pv.at\/index.php\/wp-json\/wp\/v2\/comments?post=277"}],"version-history":[{"count":22,"href":"https:\/\/sonnenstrom-pv.at\/index.php\/wp-json\/wp\/v2\/pages\/277\/revisions"}],"predecessor-version":[{"id":327,"href":"https:\/\/sonnenstrom-pv.at\/index.php\/wp-json\/wp\/v2\/pages\/277\/revisions\/327"}],"wp:attachment":[{"href":"https:\/\/sonnenstrom-pv.at\/index.php\/wp-json\/wp\/v2\/media?parent=277"}],"curies":[{"name":"wp","href":"https:\/\/api.w.org\/{rel}","templated":true}]}}