{"id":288,"date":"2023-10-01T17:42:46","date_gmt":"2023-10-01T15:42:46","guid":{"rendered":"https:\/\/sonnenstrom-pv.at\/?page_id=288"},"modified":"2023-10-01T17:44:10","modified_gmt":"2023-10-01T15:44:10","slug":"datenschutzerklaerung","status":"publish","type":"page","link":"https:\/\/sonnenstrom-pv.at\/index.php\/datenschutzerklaerung\/","title":{"rendered":"Datenschutzerkl\u00e4rung"},"content":{"rendered":"\t\t<div data-elementor-type=\"wp-page\" data-elementor-id=\"288\" class=\"elementor elementor-288\" data-elementor-post-type=\"page\">\n\t\t\t\t\t\t\t\t\t<section class=\"elementor-section elementor-top-section elementor-element elementor-element-f366673 elementor-section-boxed elementor-section-height-default elementor-section-height-default\" data-id=\"f366673\" data-element_type=\"section\">\n\t\t\t\t\t\t<div class=\"elementor-container elementor-column-gap-default\">\n\t\t\t\t\t<div class=\"elementor-column elementor-col-100 elementor-top-column elementor-element elementor-element-1652c2f\" data-id=\"1652c2f\" data-element_type=\"column\">\n\t\t\t<div class=\"elementor-widget-wrap elementor-element-populated\">\n\t\t\t\t\t\t\t\t<div class=\"elementor-element elementor-element-0ffeab4 elementor-widget elementor-widget-text-editor\" data-id=\"0ffeab4\" data-element_type=\"widget\" data-widget_type=\"text-editor.default\">\n\t\t\t\t<div class=\"elementor-widget-container\">\n\t\t\t<style>\/*! elementor - v3.14.0 - 26-06-2023 *\/\n.elementor-widget-text-editor.elementor-drop-cap-view-stacked .elementor-drop-cap{background-color:#69727d;color:#fff}.elementor-widget-text-editor.elementor-drop-cap-view-framed .elementor-drop-cap{color:#69727d;border:3px solid;background-color:transparent}.elementor-widget-text-editor:not(.elementor-drop-cap-view-default) .elementor-drop-cap{margin-top:8px}.elementor-widget-text-editor:not(.elementor-drop-cap-view-default) .elementor-drop-cap-letter{width:1em;height:1em}.elementor-widget-text-editor .elementor-drop-cap{float:left;text-align:center;line-height:1;font-size:50px}.elementor-widget-text-editor .elementor-drop-cap-letter{display:inline-block}<\/style>\t\t\t\t<p>Datenschutzerkl\u00e4rung<\/p><p>Wir, die SONNENstrom PV GmbH, Techendorfer Stra\u00dfe 3, 9871 Seeboden, \u00d6sterreich (im Folgenden als &#8220;wir&#8221;, &#8220;uns&#8221; oder &#8220;SONNENstrom PV&#8221; bezeichnet), legen gro\u00dfen Wert auf den Schutz Ihrer pers\u00f6nlichen Daten und die Einhaltung der Datenschutzgesetze. In dieser Datenschutzerkl\u00e4rung informieren wir Sie dar\u00fcber, wie wir Ihre personenbezogenen Daten verarbeiten, wenn Sie unsere Website besuchen und wie wir sicherstellen, dass Ihre Privatsph\u00e4re gesch\u00fctzt bleibt.<\/p><ol><li>Verarbeitung von personenbezogenen Daten<\/li><\/ol><p>Wir erheben und verarbeiten keine personenbezogenen Daten von Ihnen, wenn Sie unsere Website besuchen, es sei denn, Sie stellen uns diese Daten freiwillig zur Verf\u00fcgung, z.B. indem Sie uns per E-Mail kontaktieren. Wir verwenden keine Cookies oder andere Tracking-Technologien, die nicht essenziell sind.<\/p><ol start=\"2\"><li>Zwecke der Datenverarbeitung<\/li><\/ol><p>Ihre freiwillig bereitgestellten personenbezogenen Daten werden von uns ausschlie\u00dflich zu dem Zweck verwendet, f\u00fcr den Sie uns diese Daten \u00fcbermittelt haben, z.B. um Ihre Anfragen zu beantworten oder Informationen bereitzustellen.<\/p><ol start=\"3\"><li>Weitergabe von Daten<\/li><\/ol><p>Wir geben Ihre personenbezogenen Daten nicht an Dritte weiter, es sei denn, dies ist gesetzlich vorgeschrieben oder zur Erf\u00fcllung unserer vertraglichen oder gesetzlichen Verpflichtungen erforderlich.<\/p><ol start=\"4\"><li>Speicherdauer<\/li><\/ol><p>Wir speichern Ihre personenbezogenen Daten nur so lange, wie dies zur Erf\u00fcllung der oben genannten Zwecke erforderlich ist oder wie es gesetzlich vorgeschrieben ist.<\/p><ol start=\"5\"><li>Ihre Rechte<\/li><\/ol><p>Sie haben das Recht auf Auskunft \u00fcber die von uns gespeicherten personenbezogenen Daten, das Recht auf Berichtigung, L\u00f6schung und Einschr\u00e4nkung der Verarbeitung Ihrer Daten sowie das Recht auf Daten\u00fcbertragbarkeit. Wenn Sie von Ihren Rechten Gebrauch machen m\u00f6chten oder Fragen zur Verarbeitung Ihrer personenbezogenen Daten haben, k\u00f6nnen Sie sich jederzeit unter den unten angegebenen Kontaktdaten an uns wenden.<\/p><ol start=\"6\"><li>Kontakt<\/li><\/ol><p>F\u00fcr Anfragen oder Fragen zur Verarbeitung Ihrer personenbezogenen Daten stehen wir Ihnen gerne zur Verf\u00fcgung:<\/p><p>SONNENstrom PV GmbH Techendorfer Stra\u00dfe 3 9871 Seeboden \u00d6sterreich E-Mail: office@sonnenstrom-pv.at<\/p><ol start=\"7\"><li>\u00c4nderungen dieser Datenschutzerkl\u00e4rung<\/li><\/ol><p>Wir behalten uns das Recht vor, diese Datenschutzerkl\u00e4rung jederzeit zu \u00e4ndern. Die jeweils aktuelle Version wird auf unserer Website ver\u00f6ffentlicht. Bitte besuchen Sie diese Seite regelm\u00e4\u00dfig, um \u00fcber Aktualisierungen informiert zu bleiben.<\/p><p>Stand: 01.10.2023<\/p>\t\t\t\t\t\t<\/div>\n\t\t\t\t<\/div>\n\t\t\t\t\t<\/div>\n\t\t<\/div>\n\t\t\t\t\t\t\t<\/div>\n\t\t<\/section>\n\t\t\t\t\t\t\t<\/div>\n\t\t","protected":false},"excerpt":{"rendered":"<p>Datenschutzerkl\u00e4rung Wir, die SONNENstrom PV GmbH, Techendorfer Stra\u00dfe 3, 9871 Seeboden, \u00d6sterreich (im Folgenden als &#8220;wir&#8221;, &#8220;uns&#8221; oder &#8220;SONNENstrom PV&#8221; bezeichnet), legen gro\u00dfen Wert auf den Schutz Ihrer pers\u00f6nlichen Daten und die Einhaltung der Datenschutzgesetze. In dieser Datenschutzerkl\u00e4rung informieren wir Sie dar\u00fcber, wie wir Ihre personenbezogenen Daten verarbeiten, wenn Sie unsere Website besuchen und wie [&hellip;]<\/p>\n","protected":false},"author":1,"featured_media":0,"parent":0,"menu_order":0,"comment_status":"closed","ping_status":"closed","template":"","meta":[],"_links":{"self":[{"href":"https:\/\/sonnenstrom-pv.at\/index.php\/wp-json\/wp\/v2\/pages\/288"}],"collection":[{"href":"https:\/\/sonnenstrom-pv.at\/index.php\/wp-json\/wp\/v2\/pages"}],"about":[{"href":"https:\/\/sonnenstrom-pv.at\/index.php\/wp-json\/wp\/v2\/types\/page"}],"author":[{"embeddable":true,"href":"https:\/\/sonnenstrom-pv.at\/index.php\/wp-json\/wp\/v2\/users\/1"}],"replies":[{"embeddable":true,"href":"https:\/\/sonnenstrom-pv.at\/index.php\/wp-json\/wp\/v2\/comments?post=288"}],"version-history":[{"count":4,"href":"https:\/\/sonnenstrom-pv.at\/index.php\/wp-json\/wp\/v2\/pages\/288\/revisions"}],"predecessor-version":[{"id":292,"href":"https:\/\/sonnenstrom-pv.at\/index.php\/wp-json\/wp\/v2\/pages\/288\/revisions\/292"}],"wp:attachment":[{"href":"https:\/\/sonnenstrom-pv.at\/index.php\/wp-json\/wp\/v2\/media?parent=288"}],"curies":[{"name":"wp","href":"https:\/\/api.w.org\/{rel}","templated":true}]}}